{"id":194,"date":"2022-11-13T05:05:51","date_gmt":"2022-11-13T05:05:51","guid":{"rendered":"https:\/\/www.danangtattoofestival.com\/product\/v-neck-t-shirt\/"},"modified":"2022-11-25T08:29:32","modified_gmt":"2022-11-25T08:29:32","slug":"single-tattoo-artist-booth","status":"publish","type":"product","link":"https:\/\/www.danangtattoofestival.com\/vi\/san-pham\/single-tattoo-artist-booth\/","title":{"rendered":"Gian h\u00e0ng \u0111\u01a1n"},"content":{"rendered":"<p><strong>GIAN H\u00c0NG BAO G\u1ed2M<\/strong><\/p>\n<p>1 V\u00e9 cho Ngh\u1ec7 s\u0129 su\u1ed1t s\u1ef1 ki\u1ec7n<br \/>\n2 V\u00e9 cho kh\u00e1ch tham d\u1ef1 su\u1ed1t s\u1ef1 ki\u1ec7n.<br \/>\n1 B\u00e0n tr\u01b0\u1edbc qu\u1ea7y<br \/>\n1 B\u00e0n trong<br \/>\n2 Gh\u1ebf<br \/>\n1 Th\u00f9ng r\u00e1c m\u1ed7i qu\u1ea7y<br \/>\n1 Th\u00f9ng r\u00e1c d\u00e0nh cho kim x\u0103m<br \/>\n1 \u0110\u00e8n s\u00e1ng<br \/>\n1 H\u1ed9p bao tay<br \/>\n1 H\u1ed9p \u0111\u1ef1ng gi\u1ea5y<br \/>\n3 Chai n\u01b0\u1edbc<br \/>\n1 G\u00f3i qu\u00e0 v\u00e0 c\u00e1c th\u00f4ng tin li\u00ean quan<br \/>\n<strong>To\u00e0n quy\u1ec1n tham d\u1ef1 c\u00e1c cu\u1ed9c thi x\u0103m t\u1ea1i ch\u1ed7.<\/strong><\/p>","protected":false},"excerpt":{"rendered":"<p>Gian h\u00e0ng \u0111\u01a1n. Di\u1ec7n t\u00edch 2x2m.<\/p>\n<p><strong>Gi\u00e1: 10.000.000 VND = USD 400 <\/strong><\/p>","protected":false},"featured_media":330,"template":"","meta":[],"product_brand":[],"product_cat":[48],"product_tag":[],"class_list":{"0":"post-194","1":"product","2":"type-product","3":"status-publish","4":"has-post-thumbnail","6":"product_cat-booths","8":"first","9":"instock","10":"featured","11":"shipping-taxable","12":"purchasable","13":"product-type-simple"},"_links":{"self":[{"href":"https:\/\/www.danangtattoofestival.com\/vi\/wp-json\/wp\/v2\/product\/194","targetHints":{"allow":["GET"]}}],"collection":[{"href":"https:\/\/www.danangtattoofestival.com\/vi\/wp-json\/wp\/v2\/product"}],"about":[{"href":"https:\/\/www.danangtattoofestival.com\/vi\/wp-json\/wp\/v2\/types\/product"}],"wp:featuredmedia":[{"embeddable":true,"href":"https:\/\/www.danangtattoofestival.com\/vi\/wp-json\/wp\/v2\/media\/330"}],"wp:attachment":[{"href":"https:\/\/www.danangtattoofestival.com\/vi\/wp-json\/wp\/v2\/media?parent=194"}],"wp:term":[{"taxonomy":"product_brand","embeddable":true,"href":"https:\/\/www.danangtattoofestival.com\/vi\/wp-json\/wp\/v2\/product_brand?post=194"},{"taxonomy":"product_cat","embeddable":true,"href":"https:\/\/www.danangtattoofestival.com\/vi\/wp-json\/wp\/v2\/product_cat?post=194"},{"taxonomy":"product_tag","embeddable":true,"href":"https:\/\/www.danangtattoofestival.com\/vi\/wp-json\/wp\/v2\/product_tag?post=194"}],"curies":[{"name":"wp","href":"https:\/\/api.w.org\/{rel}","templated":true}]}}