{"id":1124,"date":"2023-02-27T12:13:43","date_gmt":"2023-02-27T12:13:43","guid":{"rendered":"https:\/\/www.danangtattoofestival.com\/?post_type=product&#038;p=1124"},"modified":"2023-02-27T12:16:13","modified_gmt":"2023-02-27T12:16:13","slug":"tattoo-contest-fee","status":"publish","type":"product","link":"https:\/\/www.danangtattoofestival.com\/vi\/san-pham\/tattoo-contest-fee\/","title":{"rendered":"Tattoo Contest Fee"},"content":{"rendered":"<p><strong>BAO G\u1ed2M<\/strong><\/p>\n<ul>\n<li>KH\u00d4NG BAO G\u1ed2M GIAN H\u00c0NG<\/li>\n<li>C\u00f3 th\u1ec3 tham d\u1ef1 t\u1ea1i to\u00e0n b\u1ed9 cu\u1ed9c thi c\u00f3 c\u00e1c h\u1ea1ng m\u1ee5c d\u00e0nh cho h\u00ecnh x\u0103m \u0111\u00e3 l\u00e0nh.<\/li>\n<li>1 G\u00f3i d\u1ecbch v\u1ee5 cho ngh\u1ec7 s\u0129<\/li>\n<li>2 G\u00f3i v\u00e9 cho kh\u00e1ch tham d\u1ef1<\/li>\n<li>\u0110\u01b0\u1ee3c qu\u1ea3ng b\u00e1 tr\u00ean c\u00e1c ph\u01b0\u01a1ng ti\u1ec7n m\u1ea1ng x\u00e3 h\u1ed9i.<\/li>\n<li>Th\u00f4ng tin li\u00ean quan v\u00e0 c\u00e1c g\u00f3i qu\u00e0<\/li>\n<li>Discounted hotel room at the Nesta Hotel.<\/li>\n<li><strong>Gi\u00e1: $100 (USD) = 2.500.000VND<\/strong><\/li>\n<\/ul>","protected":false},"excerpt":{"rendered":"<p>Tattoo Contest Fee = No Booth<\/p>\n<ul>\n<li><strong>Gi\u00e1: $100 (USD) = 2.500.000VND<\/strong><\/li>\n<\/ul>","protected":false},"featured_media":0,"template":"","meta":[],"product_brand":[],"product_cat":[48],"product_tag":[],"class_list":{"0":"post-1124","1":"product","2":"type-product","3":"status-publish","5":"product_cat-booths","7":"first","8":"instock","9":"featured","10":"shipping-taxable","11":"purchasable","12":"product-type-simple"},"_links":{"self":[{"href":"https:\/\/www.danangtattoofestival.com\/vi\/wp-json\/wp\/v2\/product\/1124","targetHints":{"allow":["GET"]}}],"collection":[{"href":"https:\/\/www.danangtattoofestival.com\/vi\/wp-json\/wp\/v2\/product"}],"about":[{"href":"https:\/\/www.danangtattoofestival.com\/vi\/wp-json\/wp\/v2\/types\/product"}],"wp:attachment":[{"href":"https:\/\/www.danangtattoofestival.com\/vi\/wp-json\/wp\/v2\/media?parent=1124"}],"wp:term":[{"taxonomy":"product_brand","embeddable":true,"href":"https:\/\/www.danangtattoofestival.com\/vi\/wp-json\/wp\/v2\/product_brand?post=1124"},{"taxonomy":"product_cat","embeddable":true,"href":"https:\/\/www.danangtattoofestival.com\/vi\/wp-json\/wp\/v2\/product_cat?post=1124"},{"taxonomy":"product_tag","embeddable":true,"href":"https:\/\/www.danangtattoofestival.com\/vi\/wp-json\/wp\/v2\/product_tag?post=1124"}],"curies":[{"name":"wp","href":"https:\/\/api.w.org\/{rel}","templated":true}]}}