{"id":695,"date":"2023-01-07T06:10:38","date_gmt":"2023-01-07T06:10:38","guid":{"rendered":"https:\/\/www.danangtattoofestival.com\/?page_id=695"},"modified":"2023-01-07T06:10:38","modified_gmt":"2023-01-07T06:10:38","slug":"travel-info","status":"publish","type":"page","link":"https:\/\/www.danangtattoofestival.com\/vi\/travel-info\/","title":{"rendered":"Th\u00f4ng tin cho kh\u00e1ch"},"content":{"rendered":"<div class=\"fusion-fullwidth fullwidth-box fusion-builder-row-1 fusion-flex-container nonhundred-percent-fullwidth non-hundred-percent-height-scrolling\" style=\"background-color: rgba(255,255,255,0);background-position: center center;background-repeat: no-repeat;border-width: 0px 0px 0px 0px;border-color:var(--awb-color3);border-style:solid;\" ><div class=\"fusion-builder-row fusion-row fusion-flex-align-items-flex-start\" style=\"max-width:1248px;margin-left: calc(-4% \/ 2 );margin-right: calc(-4% \/ 2 );\"><div class=\"fusion-layout-column fusion_builder_column fusion-builder-column-0 fusion_builder_column_1_1 1_1 fusion-flex-column\"><div class=\"fusion-column-wrapper fusion-flex-justify-content-flex-start fusion-content-layout-column\" style=\"background-position:left top;background-repeat:no-repeat;-webkit-background-size:cover;-moz-background-size:cover;-o-background-size:cover;background-size:cover;padding: 0px 0px 0px 0px;\"><style type=\"text\/css\">@media only screen and (max-width:1024px) {.fusion-title.fusion-title-1{margin-top:10px!important; margin-right:0px!important;margin-bottom:15px!important;margin-left:0px!important;}}@media only screen and (max-width:640px) {.fusion-title.fusion-title-1{margin-top:10px!important; margin-right:0px!important;margin-bottom:10px!important; margin-left:0px!important;}}<\/style><div class=\"fusion-title title fusion-title-1 fusion-title-center fusion-title-text fusion-title-size-two\" style=\"margin-top:10px;margin-right:0px;margin-bottom:15px;margin-left:0px;\"><div class=\"title-sep-container title-sep-container-left\"><div class=\"title-sep sep-double sep-solid\" style=\"border-color:#361a40;\"><\/div><\/div><span class=\"awb-title-spacer\"><\/span><h2 class=\"title-heading-center\" style=\"margin:0;\">TH\u00d4NG TIN NH\u1eacP C\u1ea2NH<\/h2><span class=\"awb-title-spacer\"><\/span><div class=\"title-sep-container title-sep-container-right\"><div class=\"title-sep sep-double sep-solid\" style=\"border-color:#361a40;\"><\/div><\/div><\/div><div class=\"fusion-text fusion-text-1\"><p style=\"text-align: center;\"><strong>Th\u00f4ng tin c\u1ea7n thi\u1ebft d\u00e0nh cho nh\u1eefng kh\u00e1ch \u0111\u1ebfn Vi\u1ec7t Nam \u0111\u1ec3 tham d\u1ef1 L\u1ec5 H\u1ed9i X\u0103m \u0110\u00e0 N\u1eb5ng.<br \/>\n<\/strong><\/p>\n<p style=\"text-align: left;\"><strong>Nh\u1eadp c\u1ea3nh v\u00e0o Vi\u1ec7t Nam c\u00f3 c\u1ea7n Visa kh\u00f4ng?<\/strong><br \/>\nC\u00f4ng d\u00e2n t\u1eeb m\u1ed9t s\u1ed1 qu\u1ed1c gia nh\u1ea5t \u0111\u1ecbnh v\u1eabn c\u00f3 th\u1ec3 nh\u1eadp c\u1ea3nh m\u00e0 kh\u00f4ng c\u1ea7n Visa. Nh\u1eefng qu\u1ed1c gia n\u00e0y bao g\u1ed3m nh\u1eefng qu\u1ed1c gia thu\u1ed9c hi\u1ec7p h\u1ed9i c\u00e1c qu\u1ed1c gia \u0110\u00f4ng Nam \u00c1 (14-30 ng\u00e0y), Chile (90 ng\u00e0y), v\u00e0 \u0110an M\u1ea1ch, Ph\u1ea7n Lan, Ph\u00e1p, \u0110\u1ee9c, \u00dd, Na Uy, H\u00e0n Qu\u1ed1c, T\u00e2y Ban Nha, Th\u1ee5y \u0110i\u1ec3n, v\u00e0 c\u00f4ng d\u00e2n V\u01b0\u01a1ng Qu\u1ed1c Anh (15 ng\u00e0y).<\/p>\n<p><strong>Chi ph\u00ed xin Visa t\u1ea1i Vi\u1ec7t Nam kho\u1ea3ng bao nhi\u00eau?<\/strong><br \/>\nV\u1edbi Visa du l\u1ecbch nh\u1eadp c\u1ea3nh m\u1ed9t l\u1ea7n th\u01b0\u1eddng s\u1ebd c\u00f3 chi ph\u00ed l\u00e0 25 \u0111\u1ed3ng \u0110\u00f4 La M\u1ef9. Tuy nhi\u00ean chi ph\u00ed th\u1ef1c t\u1ebf s\u1ebd ph\u1ee5 thu\u1ed9c v\u00e0o lo\u1ea1i Visa b\u1ea1n c\u1ea7n cho t\u1eebng m\u1ee5c \u0111\u00edch c\u1ee7a b\u1ea1n v\u00e0 kho\u1ea3ng th\u1eddi gian b\u1ea1n \u1edf l\u1ea1i.<\/p>\n<p><a href=\"https:\/\/evisa.xuatnhapcanh.gov.vn\/web\/guest\/khai-thi-thuc-dien-tu\/cap-thi-thuc-dien-tu\" target=\"_blank\" rel=\"noopener\"><span style=\"text-decoration: underline;\"><strong>V\u1edbi m\u1ecdi c\u00f4ng d\u00e2n c\u00f3 qu\u1ed1c t\u1ecbch kh\u00e1c s\u1ebd ph\u1ea3i n\u1ed9p \u0111\u01a1n xin Visa t\u1ea1i \u0110\u00c2Y!<\/strong><\/span><\/a><\/p>\n<\/div><\/div><style type=\"text\/css\">.fusion-body .fusion-builder-column-0{width:100% !important;margin-top : 0px;margin-bottom : 0px;}.fusion-builder-column-0 > .fusion-column-wrapper {padding-top : 0px !important;padding-right : 0px !important;margin-right : 1.92%;padding-bottom : 0px !important;padding-left : 0px !important;margin-left : 1.92%;}@media only screen and (max-width:1024px) {.fusion-body .fusion-builder-column-0{width:100% !important;}.fusion-builder-column-0 > .fusion-column-wrapper {margin-right : 1.92%;margin-left : 1.92%;}}@media only screen and (max-width:640px) {.fusion-body .fusion-builder-column-0{width:100% !important;}.fusion-builder-column-0 > .fusion-column-wrapper {margin-right : 1.92%;margin-left : 1.92%;}}<\/style><\/div><\/div><style type=\"text\/css\">.fusion-body .fusion-flex-container.fusion-builder-row-1{ padding-top : 0px;margin-top : 0px;padding-right : 0px;padding-bottom : 0px;margin-bottom : 0px;padding-left : 0px;}<\/style><\/div>","protected":false},"excerpt":{"rendered":"","protected":false},"author":1,"featured_media":0,"parent":0,"menu_order":0,"comment_status":"closed","ping_status":"closed","template":"100-width.php","meta":{"footnotes":""},"class_list":["post-695","page","type-page","status-publish","hentry"],"_links":{"self":[{"href":"https:\/\/www.danangtattoofestival.com\/vi\/wp-json\/wp\/v2\/pages\/695","targetHints":{"allow":["GET"]}}],"collection":[{"href":"https:\/\/www.danangtattoofestival.com\/vi\/wp-json\/wp\/v2\/pages"}],"about":[{"href":"https:\/\/www.danangtattoofestival.com\/vi\/wp-json\/wp\/v2\/types\/page"}],"author":[{"embeddable":true,"href":"https:\/\/www.danangtattoofestival.com\/vi\/wp-json\/wp\/v2\/users\/1"}],"replies":[{"embeddable":true,"href":"https:\/\/www.danangtattoofestival.com\/vi\/wp-json\/wp\/v2\/comments?post=695"}],"version-history":[{"count":1,"href":"https:\/\/www.danangtattoofestival.com\/vi\/wp-json\/wp\/v2\/pages\/695\/revisions"}],"predecessor-version":[{"id":696,"href":"https:\/\/www.danangtattoofestival.com\/vi\/wp-json\/wp\/v2\/pages\/695\/revisions\/696"}],"wp:attachment":[{"href":"https:\/\/www.danangtattoofestival.com\/vi\/wp-json\/wp\/v2\/media?parent=695"}],"curies":[{"name":"wp","href":"https:\/\/api.w.org\/{rel}","templated":true}]}}