{"id":188,"date":"2022-11-13T04:58:06","date_gmt":"2022-11-13T04:58:06","guid":{"rendered":"https:\/\/www.danangtattoofestival.com\/my-account\/"},"modified":"2022-11-26T10:45:56","modified_gmt":"2022-11-26T10:45:56","slug":"my-account","status":"publish","type":"page","link":"https:\/\/www.danangtattoofestival.com\/vi\/my-account\/","title":{"rendered":"T\u00c0I KHO\u1ea2N C\u1ee6A T\u00d4I"},"content":{"rendered":"<p><\/p>\n<p style=\"text-align: center;\">B\u1ea5t k\u00ec ngh\u1ec7 s\u0129 n\u00e0o sau khi \u0111\u0103ng k\u00fd tham d\u1ef1 xong \u0111\u1ec1u s\u1ebd \u0111\u01b0\u1ee3c t\u1ef1 \u0111\u1ed9ng c\u1ea5p m\u1ed9t t\u00e0i kho\u1ea3n \u0111\u1ec3 qu\u1ea3n l\u00ed h\u00f3a \u0111\u01a1n v\u00e0 theo d\u00f5i qu\u00e1 tr\u00ecnh thanh to\u00e1n.\u00a0<\/p>\n<div class=\"woocommerce\"><\/div>","protected":false},"excerpt":{"rendered":"","protected":false},"author":1,"featured_media":0,"parent":0,"menu_order":0,"comment_status":"closed","ping_status":"closed","template":"100-width.php","meta":{"footnotes":""},"class_list":["post-188","page","type-page","status-publish","hentry"],"_links":{"self":[{"href":"https:\/\/www.danangtattoofestival.com\/vi\/wp-json\/wp\/v2\/pages\/188","targetHints":{"allow":["GET"]}}],"collection":[{"href":"https:\/\/www.danangtattoofestival.com\/vi\/wp-json\/wp\/v2\/pages"}],"about":[{"href":"https:\/\/www.danangtattoofestival.com\/vi\/wp-json\/wp\/v2\/types\/page"}],"author":[{"embeddable":true,"href":"https:\/\/www.danangtattoofestival.com\/vi\/wp-json\/wp\/v2\/users\/1"}],"replies":[{"embeddable":true,"href":"https:\/\/www.danangtattoofestival.com\/vi\/wp-json\/wp\/v2\/comments?post=188"}],"version-history":[{"count":0,"href":"https:\/\/www.danangtattoofestival.com\/vi\/wp-json\/wp\/v2\/pages\/188\/revisions"}],"wp:attachment":[{"href":"https:\/\/www.danangtattoofestival.com\/vi\/wp-json\/wp\/v2\/media?parent=188"}],"curies":[{"name":"wp","href":"https:\/\/api.w.org\/{rel}","templated":true}]}}