{"id":1441,"date":"2023-05-13T18:25:50","date_gmt":"2023-05-13T18:25:50","guid":{"rendered":"https:\/\/www.danangtattoofestival.com\/?page_id=1441"},"modified":"2023-05-14T10:29:48","modified_gmt":"2023-05-14T10:29:48","slug":"booths-registration","status":"publish","type":"page","link":"https:\/\/www.danangtattoofestival.com\/vi\/booths-registration\/","title":{"rendered":"Booths Registration"},"content":{"rendered":"<p><div class=\"fusion-fullwidth fullwidth-box fusion-builder-row-1 fusion-flex-container nonhundred-percent-fullwidth non-hundred-percent-height-scrolling\" style=\"background-color: rgba(255,255,255,0);background-position: center center;background-repeat: no-repeat;border-width: 0px 0px 0px 0px;border-color:var(--awb-color3);border-style:solid;\" ><div class=\"fusion-builder-row fusion-row fusion-flex-align-items-flex-start\" style=\"max-width:1248px;margin-left: calc(-4% \/ 2 );margin-right: calc(-4% \/ 2 );\"><div class=\"fusion-layout-column fusion_builder_column fusion-builder-column-0 fusion_builder_column_1_1 1_1 fusion-flex-column\"><div class=\"fusion-column-wrapper fusion-flex-justify-content-flex-start fusion-content-layout-column\" style=\"background-position:left top;background-repeat:no-repeat;-webkit-background-size:cover;-moz-background-size:cover;-o-background-size:cover;background-size:cover;padding: 0px 0px 0px 0px;\"><style type=\"text\/css\">@media only screen and (max-width:1024px) {.fusion-title.fusion-title-1{margin-top:10px!important; margin-right:0px!important;margin-bottom:15px!important;margin-left:0px!important;}}@media only screen and (max-width:640px) {.fusion-title.fusion-title-1{margin-top:10px!important; margin-right:0px!important;margin-bottom:10px!important; margin-left:0px!important;}}<\/style><div class=\"fusion-title title fusion-title-1 fusion-title-center fusion-title-text fusion-title-size-two\" style=\"margin-top:10px;margin-right:0px;margin-bottom:15px;margin-left:0px;\"><div class=\"title-sep-container title-sep-container-left\"><div class=\"title-sep sep-double sep-solid\" style=\"border-color:var(--awb-color3);\"><\/div><\/div><span class=\"awb-title-spacer\"><\/span><h2 class=\"title-heading-center\" style=\"margin:0;\">\u0110\u0103ng k\u00fd gian h\u00e0ng<\/h2><span class=\"awb-title-spacer\"><\/span><div class=\"title-sep-container title-sep-container-right\"><div class=\"title-sep sep-double sep-solid\" style=\"border-color:var(--awb-color3);\"><\/div><\/div><\/div><\/div><style type=\"text\/css\">.fusion-body .fusion-builder-column-0{width:100% !important;margin-top : 0px;margin-bottom : 0px;}.fusion-builder-column-0 > .fusion-column-wrapper {padding-top : 0px !important;padding-right : 0px !important;margin-right : 1.92%;padding-bottom : 0px !important;padding-left : 0px !important;margin-left : 1.92%;}@media only screen and (max-width:1024px) {.fusion-body .fusion-builder-column-0{width:100% !important;}.fusion-builder-column-0 > .fusion-column-wrapper {margin-right : 1.92%;margin-left : 1.92%;}}@media only screen and (max-width:640px) {.fusion-body .fusion-builder-column-0{width:100% !important;}.fusion-builder-column-0 > .fusion-column-wrapper {margin-right : 1.92%;margin-left : 1.92%;}}<\/style><\/div><\/div><style type=\"text\/css\">.fusion-body .fusion-flex-container.fusion-builder-row-1{ padding-top : 0px;margin-top : 0px;padding-right : 0px;padding-bottom : 0px;margin-bottom : 0px;padding-left : 0px;}<\/style><\/div><div class=\"fusion-fullwidth fullwidth-box fusion-builder-row-2 fusion-flex-container has-pattern-background has-mask-background nonhundred-percent-fullwidth non-hundred-percent-height-scrolling\" style=\"background-color: rgba(255,255,255,0);background-position: center center;background-repeat: no-repeat;border-width: 0px 0px 0px 0px;border-color:var(--awb-color3);border-style:solid;\" ><div class=\"fusion-builder-row fusion-row fusion-flex-align-items-flex-start\" style=\"max-width:1248px;margin-left: calc(-4% \/ 2 );margin-right: calc(-4% \/ 2 );\"><div class=\"fusion-layout-column fusion_builder_column fusion-builder-column-1 fusion_builder_column_1_2 1_2 fusion-flex-column\"><div class=\"fusion-column-wrapper fusion-flex-justify-content-flex-start fusion-content-layout-column\" style=\"background-position:left top;background-repeat:no-repeat;-webkit-background-size:cover;-moz-background-size:cover;-o-background-size:cover;background-size:cover;padding: 0px 0px 0px 0px;\"><style type=\"text\/css\">@media only screen and (max-width:1024px) {.fusion-title.fusion-title-2{margin-top:10px!important; margin-right:0px!important;margin-bottom:15px!important;margin-left:0px!important;}}@media only screen and (max-width:640px) {.fusion-title.fusion-title-2{margin-top:10px!important; margin-right:0px!important;margin-bottom:10px!important; margin-left:0px!important;}}<\/style><div class=\"fusion-title title fusion-title-2 fusion-title-center fusion-title-text fusion-title-size-three\" style=\"margin-top:10px;margin-right:0px;margin-bottom:15px;margin-left:0px;\"><div class=\"title-sep-container title-sep-container-left\"><div class=\"title-sep sep-double sep-solid\" style=\"border-color:var(--awb-color3);\"><\/div><\/div><span class=\"awb-title-spacer\"><\/span><h3 class=\"title-heading-center\" style=\"margin:0;\">C\u00e1c \u0111i\u1ec1u kho\u1ea3n cho gian h\u00e0ng<\/h3><span class=\"awb-title-spacer\"><\/span><div class=\"title-sep-container title-sep-container-right\"><div class=\"title-sep sep-double sep-solid\" style=\"border-color:var(--awb-color3);\"><\/div><\/div><\/div><div class=\"fusion-text fusion-text-1\"><ul>\n<li>M\u1edf \u0111\u0103ng k\u00ed gian h\u00e0ng cho b\u1ea5t k\u00ec Ngh\u1ec7 s\u0129 X\u0103m Vi\u1ec7t ho\u1eb7c N\u01b0\u1edbc ngo\u00e0i chuy\u00ean nghi\u1ec7p.<\/li>\n<li>\u0110\u01a1n \u0111\u0103ng k\u00ed gian h\u00e0ng s\u1ebd \u0111\u01b0\u1ee3c ph\u00ea duy\u1ec7t trong v\u00f2ng 24 gi\u1edd sau khi \u0111\u01b0\u1ee3c g\u1eedi.<\/li>\n<li>N\u1ebfu \u0111\u01a1n c\u1ee7a b\u1ea1n \u0111\u01b0\u1ee3c duy\u1ec7t, ch\u00fang t\u00f4i s\u1ebd gi\u1edbi thi\u1ec7u s\u1ef1 c\u00f3 m\u1eb7t c\u1ee7a b\u1ea1n t\u1ea1i l\u1ec5 h\u1ed9i NH\u01afNG gian h\u00e0ng c\u1ee7a b\u1ea1n s\u1ebd <strong><span style=\"text-decoration: underline;\">CH\u01afA \u0110\u01af\u1ee2C C\u00d4NG NH\u1eacN<\/span><\/strong> cho \u0111\u1ebfn khi \u0111\u01b0\u1ee3c thanh to\u00e1n \u0111\u1ea7y \u0111\u1ee7<span style=\"color: #ff0000;\">!!!<\/span><\/li>\n<li>H\u1ea1n cu\u1ed1i thanh to\u00e1n to\u00e0n b\u1ed9 chi ph\u00ed gian h\u00e0ng l\u00e0 v\u00e0o ng\u00e0y 30 th\u00e1ng 4 n\u0103m 2023.<\/li>\n<li>C\u00e1c ngh\u1ec7 s\u0129 s\u1ebd t\u1ef1 chi tr\u1ea3 c\u00e1c kho\u1ea3n c\u00e1 nh\u00e2n nh\u01b0 tr\u1eef h\u00e0ng, v\u1eadn chuy\u1ec3n, b\u1ea3o hi\u1ec3m, thi\u1ec7t h\u1ea1i v\u1eadt t\u01b0 v\u00e0 c\u1ea3 thu\u1ebf t\u1ea1i s\u1ef1 ki\u1ec7n.<\/li>\n<li>C\u00e1c ngh\u1ec7 s\u0129 ph\u1ea3i \u0111\u1ed3ng \u00fd cam k\u1ebft t\u1ef1 b\u1ea3o qu\u1ea3n c\u00e1c trang thi\u1ebft b\u1ecb v\u1eadt t\u01b0 trong kh\u00f4ng gian gian h\u00e0ng c\u1ee7a m\u00ecnh.<\/li>\n<li>Ban t\u1ed5 ch\u1ee9c s\u1ebd th\u1ef1c hi\u1ec7n t\u1ea5t c\u1ea3 c\u00e1c bi\u1ec7n ph\u00e1p ph\u00f2ng b\u1ecb \u0111\u1ec3 \u0111\u1ea3m b\u1ea3o an to\u00e0n cho nh\u1eefng ng\u01b0\u1eddi tham d\u1ef1, nh\u01b0ng s\u1ebd kh\u00f4ng ch\u1ecbu tr\u00e1ch nhi\u1ec7m v\u1ec1 s\u1ef1 an to\u00e0n, m\u1ea5t m\u00e1t ho\u1eb7c thi\u1ec7t h\u1ea1i x\u1ea3y ra.<\/li>\n<li>N\u1ebfu x\u1ea3y ra <em>c\u00e1c tr\u01b0\u1eddng h\u1ee3p<\/em> (thi\u00ean tai, ph\u00e1n quy\u1ebft c\u1ee7a ch\u00ednh quy\u1ec1n, l\u0169 l\u1ee5t, d\u1ecbch b\u1ec7nh...) s\u1ef1 ki\u1ec7n b\u1eaft bu\u1ed9c b\u1ecb ho\u00e3n l\u1ea1i b\u1ea5t c\u1ee9 ng\u00e0y n\u00e0o ho\u1eb7c thay \u0111\u1ed5i th\u1eddi gian t\u1ed5 ch\u1ee9c, ban t\u1ed5 ch\u1ee9c c\u00f3 quy\u1ec1n l\u00e0m theo quy\u1ebft \u0111\u1ecbnh c\u1ee7a m\u00ecnh.<\/li>\n<li>Trong tr\u01b0\u1eddng h\u1ee3p s\u1ef1 ki\u1ec7n b\u1ecb hu\u1ef7 b\u1ecf, ban t\u1ed5 ch\u1ee9c s\u1ebd ho\u00e0n l\u1ea1i ti\u1ec1n gian h\u00e0ng trong kh\u1ea3 n\u0103ng c\u1ee7a ban t\u1ed5 ch\u1ee9c. Tuy nhi\u00ean ban ch\u1ee9c s\u1ebd kh\u00f4ng c\u00f3 tr\u00e1ch nhi\u1ec7m v\u1edbi c\u00e1c chi ph\u00ed \u0111i l\u1ea1i hay l\u01b0u tr\u00fa c\u1ee7a nh\u1eefng ng\u01b0\u1eddi \u0111\u1ebfn tham d\u1ef1.<\/li>\n<li>Ban t\u1ed5 ch\u1ee9c c\u00f3 quy\u1ec1n t\u1eeb ch\u1ed1i ho\u1eb7c \u0111\u00ecnh ch\u1ec9 ho\u1ea1t \u0111\u1ed9ng c\u1ee7a b\u1ea5t c\u1ee9 ngh\u1ec7 s\u0129 ho\u1eb7c ng\u01b0\u1eddi ph\u00f4 x\u0103m n\u00e0o qu\u1ea5y r\u1ed1i c\u00e1c ngh\u1ec7 s\u0129 ho\u1eb7c ng\u01b0\u1eddi tham d\u1ef1 kh\u00e1c.<\/li>\n<li>C\u00e1c ngh\u1ec7 s\u0129 c\u00f3 th\u1ec3 b\u00e1n c\u00e1c tranh v\u1ebd, \u00e1o thun, ho\u1eb7c h\u00e0ng h\u00f3a li\u00ean quan kh\u00e1c.<\/li>\n<li>Ban t\u1ed5 ch\u1ee9c L\u1ec5 h\u1ed9i X\u0103m h\u00ecnh \u0110\u00e0 N\u1eb5ng c\u00f3 to\u00e0n quy\u1ec1n s\u1eeda \u0111\u1ed5i c\u00e1c \u0111i\u1ec1u kho\u1ea3n v\u00e0 \u0111i\u1ec1u ki\u1ec7n n\u00eau tr\u00ean m\u00e0 kh\u00f4ng c\u1ea7n th\u00f4ng b\u00e1o tr\u01b0\u1edbc.<\/li>\n<li><span style=\"text-decoration: underline;\"><strong>KH\u00d4NG HO\u00c0N PH\u00cd<\/strong><\/span> v\u1edbi b\u1ea5t k\u00ec \u0111\u01a1n xin h\u1ee7y \u0111\u0103ng k\u00ed gian h\u00e0ng n\u00e0o trong v\u00f2ng 15 ng\u00e0y tr\u01b0\u1edbc ng\u00e0y di\u1ec5n ra s\u1ef1 ki\u1ec7n.<\/li>\n<\/ul>\n<\/div><\/div><style type=\"text\/css\">.fusion-body .fusion-builder-column-1{width:50% !important;margin-top : 0px;margin-bottom : 20px;}.fusion-builder-column-1 > .fusion-column-wrapper {padding-top : 0px !important;padding-right : 0px !important;margin-right : 3.84%;padding-bottom : 0px !important;padding-left : 0px !important;margin-left : 3.84%;}@media only screen and (max-width:1024px) {.fusion-body .fusion-builder-column-1{width:50% !important;order : 0;}.fusion-builder-column-1 > .fusion-column-wrapper {margin-right : 3.84%;margin-left : 3.84%;}}@media only screen and (max-width:640px) {.fusion-body .fusion-builder-column-1{width:100% !important;order : 0;}.fusion-builder-column-1 > .fusion-column-wrapper {margin-right : 1.92%;margin-left : 1.92%;}}<\/style><\/div><div class=\"fusion-layout-column fusion_builder_column fusion-builder-column-2 fusion_builder_column_1_2 1_2 fusion-flex-column\"><div class=\"fusion-column-wrapper fusion-flex-justify-content-flex-start fusion-content-layout-column\" style=\"background-position:left top;background-repeat:no-repeat;-webkit-background-size:cover;-moz-background-size:cover;-o-background-size:cover;background-size:cover;padding: 0px 0px 0px 0px;\"><style type=\"text\/css\">@media only screen and (max-width:1024px) {.fusion-title.fusion-title-3{margin-top:10px!important; margin-right:0px!important;margin-bottom:15px!important;margin-left:0px!important;}}@media only screen and (max-width:640px) {.fusion-title.fusion-title-3{margin-top:10px!important; margin-right:0px!important;margin-bottom:10px!important; margin-left:0px!important;}}<\/style><div class=\"fusion-title title fusion-title-3 fusion-title-center fusion-title-text fusion-title-size-three\" style=\"margin-top:10px;margin-right:0px;margin-bottom:15px;margin-left:0px;\"><div class=\"title-sep-container title-sep-container-left\"><div class=\"title-sep sep-double sep-solid\" style=\"border-color:var(--awb-color3);\"><\/div><\/div><span class=\"awb-title-spacer\"><\/span><h3 class=\"title-heading-center\" style=\"margin:0;\">T\u00d4N TR\u1eccNG V\u0102N H\u00d3A N\u01af\u1edaC S\u1ede T\u1ea0I<\/h3><span class=\"awb-title-spacer\"><\/span><div class=\"title-sep-container title-sep-container-right\"><div class=\"title-sep sep-double sep-solid\" style=\"border-color:var(--awb-color3);\"><\/div><\/div><\/div><div class=\"fusion-text fusion-text-2\"><p>\u0110\u1eb7c bi\u1ec7t t\u00f4n tr\u1ecdng v\u0103n h\u00f3a n\u01b0\u1edbc nh\u00e0 (Vi\u1ec7t Nam), xin vui l\u00f2ng tu\u00e2n th\u1ee7 c\u00e1c \u0111i\u1ec1u l\u1ec7 n\u1eb1m trong lu\u1eadt ph\u00e1p \u0111\u01b0\u1ee3c n\u00eau ra d\u01b0\u1edbi \u0111\u00e2y:<\/p>\n<ul>\n<li>Kh\u00f4ng \u0111\u01b0\u1ee3c ph\u00e9p x\u0103m v\u00e0o nh\u1eefng ch\u1ed7 nh\u1ea1y c\u1ea3m cho kh\u00e1ch t\u1ea1i s\u1ef1 ki\u1ec7n.<\/li>\n<li>C\u00e1c h\u00ecnh x\u0103m kh\u00f4ng \u0111\u01b0\u1ee3c ph\u00e9p c\u00f3 n\u1ed9i dung \u0111\u1ed3i tr\u1ee5y, k\u00edch \u0111\u1ed9ng b\u1ea1o l\u1ef1c\/ph\u1ea3n \u0111\u1ed9ng\/ch\u1ed1ng ph\u00e1 \u0110\u1ea3ng v\u00e0 Nh\u00e0 N\u01b0\u1edbc ho\u1eb7c \u0111i ng\u01b0\u1ee3c v\u1edbi thu\u1ea7n phong m\u1ef9 t\u1ee5c t\u1ea1i Vi\u1ec7t Nam.<\/li>\n<li>C\u00e1c ng\u01b0\u1eddi m\u1eabu x\u0103m ph\u1ea3i lu\u00f4n che c\u00e1c b\u1ed9 ph\u1eadn nh\u1ea1y c\u1ea3m tr\u00ean ng\u01b0\u1eddi. (kh\u00f4ng c\u00f3 tr\u01b0\u1eddng h\u1ee3p ngo\u1ea1i l\u1ec7)<\/li>\n<li>Ban t\u1ed5 ch\u1ee9c c\u00f3 to\u00e0n quy\u1ec1n quy\u1ebft \u0111\u1ecbnh c\u1ea5m ho\u1eb7c khai tr\u1eeb kh\u1ecfi s\u1ef1 ki\u1ec7n v\u0129nh vi\u1ec5n c\u1ea3 ngh\u1ec7 s\u0129 x\u0103m v\u00e0 ng\u01b0\u1eddi m\u1eabu x\u0103m n\u1ebfu c\u00f3 b\u1ea5t k\u00ec ai ph\u1ea1m lu\u1eadt.<\/li>\n<\/ul>\n<\/div><\/div><style type=\"text\/css\">.fusion-body .fusion-builder-column-2{width:50% !important;margin-top : 0px;margin-bottom : 20px;}.fusion-builder-column-2 > .fusion-column-wrapper {padding-top : 0px !important;padding-right : 0px !important;margin-right : 3.84%;padding-bottom : 0px !important;padding-left : 0px !important;margin-left : 3.84%;}@media only screen and (max-width:1024px) {.fusion-body .fusion-builder-column-2{width:50% !important;order : 0;}.fusion-builder-column-2 > .fusion-column-wrapper {margin-right : 3.84%;margin-left : 3.84%;}}@media only screen and (max-width:640px) {.fusion-body .fusion-builder-column-2{width:100% !important;order : 0;}.fusion-builder-column-2 > .fusion-column-wrapper {margin-right : 1.92%;margin-left : 1.92%;}}<\/style><\/div><\/div><style type=\"text\/css\">.fusion-body .fusion-flex-container.fusion-builder-row-2{ padding-top : 0px;margin-top : 0px;padding-right : 0px;padding-bottom : 0px;margin-bottom : 0px;padding-left : 0px;}<\/style><\/div><\/p>","protected":false},"excerpt":{"rendered":"","protected":false},"author":1,"featured_media":0,"parent":0,"menu_order":0,"comment_status":"closed","ping_status":"closed","template":"100-width.php","meta":{"footnotes":""},"class_list":["post-1441","page","type-page","status-publish","hentry"],"_links":{"self":[{"href":"https:\/\/www.danangtattoofestival.com\/vi\/wp-json\/wp\/v2\/pages\/1441","targetHints":{"allow":["GET"]}}],"collection":[{"href":"https:\/\/www.danangtattoofestival.com\/vi\/wp-json\/wp\/v2\/pages"}],"about":[{"href":"https:\/\/www.danangtattoofestival.com\/vi\/wp-json\/wp\/v2\/types\/page"}],"author":[{"embeddable":true,"href":"https:\/\/www.danangtattoofestival.com\/vi\/wp-json\/wp\/v2\/users\/1"}],"replies":[{"embeddable":true,"href":"https:\/\/www.danangtattoofestival.com\/vi\/wp-json\/wp\/v2\/comments?post=1441"}],"version-history":[{"count":6,"href":"https:\/\/www.danangtattoofestival.com\/vi\/wp-json\/wp\/v2\/pages\/1441\/revisions"}],"predecessor-version":[{"id":1449,"href":"https:\/\/www.danangtattoofestival.com\/vi\/wp-json\/wp\/v2\/pages\/1441\/revisions\/1449"}],"wp:attachment":[{"href":"https:\/\/www.danangtattoofestival.com\/vi\/wp-json\/wp\/v2\/media?parent=1441"}],"curies":[{"name":"wp","href":"https:\/\/api.w.org\/{rel}","templated":true}]}}